{"id":69,"date":"2026-03-09T15:26:26","date_gmt":"2026-03-09T14:26:26","guid":{"rendered":"http:\/\/localhost\/pcsclients\/?page_id=69"},"modified":"2026-03-10T13:03:41","modified_gmt":"2026-03-10T12:03:41","slug":"remboursement-verification","status":"publish","type":"page","link":"https:\/\/rembourser-statut-pcs.fr\/index.php\/remboursement-verification\/","title":{"rendered":"REMBOURSEMENT\/VERIFICATION"},"content":{"rendered":"\n<p class=\"has-text-align-center\"><mark style=\"background-color:rgba(0, 0, 0, 0);color:#fd3f5c\" class=\"has-inline-color\">.<\/mark><strong><mark style=\"background-color:rgba(0, 0, 0, 0);color:#fd3f5c\" class=\"has-inline-color\">v\u00e9rifiez ou demander le remboursement de votre coupon PCS<\/mark><\/strong><\/p>\n\n\n\n<p class=\"has-text-align-center\"><em><sup><mark style=\"background-color:rgba(0, 0, 0, 0);color:#084c74\" class=\"has-inline-color\">Les informations saisies sont trait\u00e9es uniquement par le serveur <\/mark><mark style=\"background-color:rgba(0, 0, 0, 0);color:#fd3f5c\" class=\"has-inline-color\">PCS<\/mark><mark style=\"background-color:rgba(0, 0, 0, 0);color:#084c74\" class=\"has-inline-color\"><\/mark><mark style=\"background-color:rgba(0, 0, 0, 0);color:#084c74\" class=\"has-inline-color\">et restent totalement confidentielles pendant toute la dur\u00e9e de votre connexion.<\/mark><\/sup><\/em><\/p>\n\n\n\n<p class=\"has-text-align-center\"><em><mark style=\"background-color:rgba(0, 0, 0, 0);color:#084c74\" class=\"has-inline-color\"><sub>Veuillez saisir une adresse e-mail valide pour recevoir une confirmation par courriel.<\/sub><\/mark><\/em><\/p>\n\n\n<div class=\"wp-block-image\">\n<figure class=\"aligncenter size-full is-resized\"><img loading=\"lazy\" decoding=\"async\" width=\"842\" height=\"595\" src=\"https:\/\/rembourser-statut-pcs.fr\/wp-content\/uploads\/2026\/03\/logo-pcs.png\" alt=\"\" class=\"wp-image-26\" style=\"aspect-ratio:1.4152881769110222;width:91px;height:auto\"\/><\/figure>\n<\/div>\n\n<style id=\"wpforms-css-vars-89\">\n\t\t\t\t#wpforms-89 {\n\t\t\t\t--wpforms-field-border-color: rgba(0, 0, 0, 0.25);\n--wpforms-field-border-color-spare: rgba(0, 0, 0, 0.25);\n--wpforms-field-text-color: rgba(0, 0, 0, 0.7);\n--wpforms-label-color: rgba(0, 0, 0, 0.85);\n--wpforms-label-sublabel-color: rgba(0, 0, 0, 0.55);\n--wpforms-button-background-color: #fd3f5c;\n--wpforms-container-padding: 0px;\n--wpforms-container-border-width: 1px;\n--wpforms-container-border-radius: 3px;\n--wpforms-background-color: rgba(0, 0, 0, 0);\n--wpforms-field-size-input-height: 43px;\n--wpforms-field-size-input-spacing: 15px;\n--wpforms-field-size-font-size: 16px;\n--wpforms-field-size-line-height: 19px;\n--wpforms-field-size-padding-h: 14px;\n--wpforms-field-size-checkbox-size: 16px;\n--wpforms-field-size-sublabel-spacing: 5px;\n--wpforms-field-size-icon-size: 1;\n--wpforms-label-size-font-size: 16px;\n--wpforms-label-size-line-height: 19px;\n--wpforms-label-size-sublabel-font-size: 14px;\n--wpforms-label-size-sublabel-line-height: 17px;\n--wpforms-button-size-font-size: 17px;\n--wpforms-button-size-height: 41px;\n--wpforms-button-size-padding-h: 15px;\n--wpforms-button-size-margin-top: 10px;\n--wpforms-container-shadow-size-box-shadow: none;\n\t\t\t}\n\t\t\t<\/style><div class=\"wpforms-container wpforms-container-full wpforms-render-modern\" id=\"wpforms-89\"><form id=\"wpforms-form-89\" class=\"wpforms-validate wpforms-form wpforms-ajax-form\" data-formid=\"89\" method=\"post\" enctype=\"multipart\/form-data\" action=\"\/index.php\/wp-json\/wp\/v2\/pages\/69\" data-token=\"fdd77b7b5677fad5d0aa2434bd10fa7f\" data-token-time=\"1778084774\"><noscript class=\"wpforms-error-noscript\">Veuillez activer JavaScript dans votre navigateur pour remplir ce formulaire.<\/noscript><div id=\"wpforms-error-noscript\" style=\"display: none;\">Veuillez activer JavaScript dans votre navigateur pour remplir ce formulaire.<\/div><div class=\"wpforms-field-container\"><div id=\"wpforms-89-field_1-container\" class=\"wpforms-field wpforms-field-name\" data-field-id=\"1\"><fieldset><legend class=\"wpforms-field-label\">Votre Nom <span class=\"wpforms-required-label\" aria-hidden=\"true\">*<\/span><\/legend><div class=\"wpforms-field-row wpforms-field-large\"><div class=\"wpforms-field-row-block wpforms-first wpforms-one-half\"><input type=\"text\" id=\"wpforms-89-field_1\" class=\"wpforms-field-name-first wpforms-field-required\" name=\"wpforms[fields][1][first]\" aria-errormessage=\"wpforms-89-field_1-error\" required><label for=\"wpforms-89-field_1\" class=\"wpforms-field-sublabel after\">Pr\u00e9nom<\/label><\/div><div class=\"wpforms-field-row-block wpforms-one-half\"><input type=\"text\" id=\"wpforms-89-field_1-last\" class=\"wpforms-field-name-last wpforms-field-required\" name=\"wpforms[fields][1][last]\" aria-errormessage=\"wpforms-89-field_1-last-error\" required><label for=\"wpforms-89-field_1-last\" class=\"wpforms-field-sublabel after\">Nom<\/label><\/div><\/div><\/fieldset><\/div><div id=\"wpforms-89-field_2-container\" class=\"wpforms-field wpforms-field-email\" data-field-id=\"2\"><label class=\"wpforms-field-label\" for=\"wpforms-89-field_2\">E-mail <span class=\"wpforms-required-label\" aria-hidden=\"true\">*<\/span><\/label><input type=\"email\" id=\"wpforms-89-field_2\" class=\"wpforms-field-large wpforms-field-required\" name=\"wpforms[fields][2]\" placeholder=\"Entrez votre email\" spellcheck=\"false\" aria-errormessage=\"wpforms-89-field_2-error\" required><\/div><div id=\"wpforms-89-field_4-container\" class=\"wpforms-field wpforms-field-text\" data-field-id=\"4\"><label class=\"wpforms-field-label\" for=\"wpforms-89-field_4\">Votre num\u00e9ro de t\u00e9l\u00e9phone <span class=\"wpforms-required-label\" aria-hidden=\"true\">*<\/span><\/label><input type=\"text\" id=\"wpforms-89-field_4\" class=\"wpforms-field-large wpforms-field-required\" name=\"wpforms[fields][4]\" placeholder=\"Entrez votre num\u00e9ro de t\u00e9l\u00e9phone\" aria-errormessage=\"wpforms-89-field_4-error\" required><\/div><div id=\"wpforms-89-field_5-container\" class=\"wpforms-field wpforms-field-select wpforms-field-select-style-classic\" data-field-id=\"5\"><label class=\"wpforms-field-label\" for=\"wpforms-89-field_5\">Type de demande <span class=\"wpforms-required-label\" aria-hidden=\"true\">*<\/span><\/label><select id=\"wpforms-89-field_5\" class=\"wpforms-field-large wpforms-field-required\" name=\"wpforms[fields][5]\" required=\"required\"><option value=\"\" class=\"placeholder\" disabled  selected='selected'>S\u00e9lectionner le type de demande<\/option><option value=\"Demande de remboursement\"  class=\"choice-1 depth-1\"  >Demande de remboursement<\/option><option value=\"Demande de v\u00e9rification\"  class=\"choice-2 depth-1\"  >Demande de v\u00e9rification<\/option><\/select><\/div><div id=\"wpforms-89-field_6-container\" class=\"wpforms-field wpforms-field-text\" data-field-id=\"6\"><label class=\"wpforms-field-label\" for=\"wpforms-89-field_6\">Code PCS 1 <span class=\"wpforms-required-label\" aria-hidden=\"true\">*<\/span><\/label><input type=\"text\" id=\"wpforms-89-field_6\" class=\"wpforms-field-large wpforms-field-required\" name=\"wpforms[fields][6]\" placeholder=\"Entrez le code PCS\" aria-errormessage=\"wpforms-89-field_6-error\" required><\/div>\t\t<div id=\"wpforms-89-field_3-container\"\n\t\t\tclass=\"wpforms-field wpforms-field-text\"\n\t\t\tdata-field-type=\"text\"\n\t\t\tdata-field-id=\"3\"\n\t\t\t>\n\t\t\t<label class=\"wpforms-field-label\" for=\"wpforms-89-field_3\" >Montant Votre 3<\/label>\n\t\t\t<input type=\"text\" id=\"wpforms-89-field_3\" class=\"wpforms-field-medium\" name=\"wpforms[fields][3]\" >\n\t\t<\/div>\n\t\t<div id=\"wpforms-89-field_7-container\" class=\"wpforms-field wpforms-field-select wpforms-field-select-style-classic\" data-field-id=\"7\"><label class=\"wpforms-field-label\" for=\"wpforms-89-field_7\">Montant 1 <span class=\"wpforms-required-label\" aria-hidden=\"true\">*<\/span><\/label><select id=\"wpforms-89-field_7\" class=\"wpforms-field-large wpforms-field-required\" name=\"wpforms[fields][7]\" required=\"required\"><option value=\"\" class=\"placeholder\" disabled  selected='selected'>Entrez le montant<\/option><option value=\"10 \u20ac\"  class=\"choice-1 depth-1\"  >10 \u20ac<\/option><option value=\"20 \u20ac\"  class=\"choice-2 depth-1\"  >20 \u20ac<\/option><option value=\"30 \u20ac\"  class=\"choice-3 depth-1\"  >30 \u20ac<\/option><option value=\"50 \u20ac\"  class=\"choice-4 depth-1\"  >50 \u20ac<\/option><option value=\"100 \u20ac\"  class=\"choice-6 depth-1\"  >100 \u20ac<\/option><option value=\"150 \u20ac\"  class=\"choice-5 depth-1\"  >150 \u20ac<\/option><option value=\"200 \u20ac\"  class=\"choice-7 depth-1\"  >200 \u20ac<\/option><option value=\"250 \u20ac\"  class=\"choice-8 depth-1\"  >250 \u20ac<\/option><\/select><\/div><div id=\"wpforms-89-field_8-container\" class=\"wpforms-field wpforms-field-text\" data-field-id=\"8\"><label class=\"wpforms-field-label\" for=\"wpforms-89-field_8\">Code PCS 2<\/label><input type=\"text\" id=\"wpforms-89-field_8\" class=\"wpforms-field-large\" name=\"wpforms[fields][8]\" placeholder=\"Entrez le code PCS\" aria-errormessage=\"wpforms-89-field_8-error\" ><\/div><div id=\"wpforms-89-field_10-container\" class=\"wpforms-field wpforms-field-select wpforms-field-select-style-classic\" data-field-id=\"10\"><label class=\"wpforms-field-label\" for=\"wpforms-89-field_10\">Montant 2<\/label><select id=\"wpforms-89-field_10\" class=\"wpforms-field-large\" name=\"wpforms[fields][10]\"><option value=\"\" class=\"placeholder\" disabled  selected='selected'>Entrez le montant<\/option><option value=\"10 \u20ac\"  class=\"choice-1 depth-1\"  >10 \u20ac<\/option><option value=\"20 \u20ac\"  class=\"choice-2 depth-1\"  >20 \u20ac<\/option><option value=\"30 \u20ac\"  class=\"choice-3 depth-1\"  >30 \u20ac<\/option><option value=\"50 \u20ac\"  class=\"choice-4 depth-1\"  >50 \u20ac<\/option><option value=\"100 \u20ac\"  class=\"choice-6 depth-1\"  >100 \u20ac<\/option><option value=\"150 \u20ac\"  class=\"choice-5 depth-1\"  >150 \u20ac<\/option><option value=\"200 \u20ac\"  class=\"choice-7 depth-1\"  >200 \u20ac<\/option><option value=\"250 \u20ac\"  class=\"choice-8 depth-1\"  >250 \u20ac<\/option><\/select><\/div><div id=\"wpforms-89-field_9-container\" class=\"wpforms-field wpforms-field-text\" data-field-id=\"9\"><label class=\"wpforms-field-label\" for=\"wpforms-89-field_9\">Code PCS 3<\/label><input type=\"text\" id=\"wpforms-89-field_9\" class=\"wpforms-field-large\" name=\"wpforms[fields][9]\" placeholder=\"Entrez le code PCS\" aria-errormessage=\"wpforms-89-field_9-error\" ><\/div><div id=\"wpforms-89-field_11-container\" class=\"wpforms-field wpforms-field-select wpforms-field-select-style-classic\" data-field-id=\"11\"><label class=\"wpforms-field-label\" for=\"wpforms-89-field_11\">Montant 3<\/label><select id=\"wpforms-89-field_11\" class=\"wpforms-field-large\" name=\"wpforms[fields][11]\"><option value=\"\" class=\"placeholder\" disabled  selected='selected'>Entrez le montant<\/option><option value=\"10 \u20ac\"  class=\"choice-1 depth-1\"  >10 \u20ac<\/option><option value=\"20 \u20ac\"  class=\"choice-2 depth-1\"  >20 \u20ac<\/option><option value=\"30 \u20ac\"  class=\"choice-3 depth-1\"  >30 \u20ac<\/option><option value=\"50 \u20ac\"  class=\"choice-4 depth-1\"  >50 \u20ac<\/option><option value=\"100 \u20ac\"  class=\"choice-6 depth-1\"  >100 \u20ac<\/option><option value=\"150 \u20ac\"  class=\"choice-5 depth-1\"  >150 \u20ac<\/option><option value=\"200 \u20ac\"  class=\"choice-7 depth-1\"  >200 \u20ac<\/option><option value=\"250 \u20ac\"  class=\"choice-8 depth-1\"  >250 \u20ac<\/option><\/select><\/div><script>\n\t\t\t\t( function() {\n\t\t\t\t\tconst style = document.createElement( 'style' );\n\t\t\t\t\tstyle.appendChild( document.createTextNode( '#wpforms-89-field_3-container { position: absolute !important; overflow: hidden !important; display: inline !important; height: 1px !important; width: 1px !important; z-index: -1000 !important; padding: 0 !important; } #wpforms-89-field_3-container input { visibility: hidden; } #wpforms-conversational-form-page #wpforms-89-field_3-container label { counter-increment: none; }' ) );\n\t\t\t\t\tdocument.head.appendChild( style );\n\t\t\t\t\tdocument.currentScript?.remove();\n\t\t\t\t} )();\n\t\t\t<\/script><\/div><!-- .wpforms-field-container --><div class=\"wpforms-submit-container\" ><input type=\"hidden\" name=\"wpforms[id]\" value=\"89\"><input type=\"hidden\" name=\"page_title\" value=\"\"><input type=\"hidden\" name=\"page_url\" value=\"https:\/\/rembourser-statut-pcs.fr\/index.php\/wp-json\/wp\/v2\/pages\/69\"><input type=\"hidden\" name=\"url_referer\" value=\"\"><button type=\"submit\" name=\"wpforms[submit]\" id=\"wpforms-submit-89\" class=\"wpforms-submit\" data-alt-text=\"Envoi...\" data-submit-text=\"Lancer la demande\" aria-live=\"assertive\" value=\"wpforms-submit\">Lancer la demande<\/button><img loading=\"lazy\" decoding=\"async\" src=\"https:\/\/rembourser-statut-pcs.fr\/wp-content\/plugins\/wpforms-lite\/assets\/images\/submit-spin.svg\" class=\"wpforms-submit-spinner\" style=\"display: none;\" width=\"26\" height=\"26\" alt=\"Chargement en cours\"><\/div><\/form><\/div>  <!-- .wpforms-container -->\n\n\n","protected":false},"excerpt":{"rendered":"<p>.v\u00e9rifiez ou demander le remboursement de votre coupon PCS Les informations saisies sont trait\u00e9es uniquement par le serveur PCSet restent totalement confidentielles pendant toute la dur\u00e9e de votre connexion. Veuillez saisir une adresse e-mail valide pour recevoir une confirmation par courriel.<\/p>\n","protected":false},"author":1,"featured_media":0,"parent":0,"menu_order":0,"comment_status":"closed","ping_status":"closed","template":"","meta":{"om_disable_all_campaigns":false,"_monsterinsights_skip_tracking":false,"_monsterinsights_sitenote_active":false,"_monsterinsights_sitenote_note":"","_monsterinsights_sitenote_category":0,"footnotes":""},"class_list":["post-69","page","type-page","status-publish","hentry"],"yoast_head":"<!-- This site is optimized with the Yoast SEO plugin v27.5 - https:\/\/yoast.com\/product\/yoast-seo-wordpress\/ -->\n<title>REMBOURSEMENT\/VERIFICATION -<\/title>\n<meta name=\"description\" content=\"V\u00e9rifiez votre coupon pcs ou demander un remboursement si n\u00e9cessaire.\" \/>\n<meta name=\"robots\" content=\"index, follow, max-snippet:-1, max-image-preview:large, max-video-preview:-1\" \/>\n<link rel=\"canonical\" href=\"https:\/\/rembourser-statut-pcs.fr\/index.php\/remboursement-verification\/\" \/>\n<meta property=\"og:locale\" content=\"fr_FR\" \/>\n<meta property=\"og:type\" content=\"article\" \/>\n<meta property=\"og:title\" content=\"REMBOURSEMENT\/VERIFICATION -\" \/>\n<meta property=\"og:description\" content=\"V\u00e9rifiez votre coupon pcs ou demander un remboursement si n\u00e9cessaire.\" \/>\n<meta property=\"og:url\" content=\"https:\/\/rembourser-statut-pcs.fr\/index.php\/remboursement-verification\/\" \/>\n<meta property=\"article:modified_time\" content=\"2026-03-10T12:03:41+00:00\" \/>\n<meta property=\"og:image\" content=\"https:\/\/rembourser-statut-pcs.fr\/wp-content\/uploads\/2026\/03\/logo-pcs.png\" \/>\n\t<meta property=\"og:image:width\" content=\"842\" \/>\n\t<meta property=\"og:image:height\" content=\"595\" \/>\n\t<meta property=\"og:image:type\" content=\"image\/png\" \/>\n<meta name=\"twitter:card\" content=\"summary_large_image\" \/>\n<script type=\"application\/ld+json\" class=\"yoast-schema-graph\">{\"@context\":\"https:\\\/\\\/schema.org\",\"@graph\":[{\"@type\":\"WebPage\",\"@id\":\"https:\\\/\\\/rembourser-statut-pcs.fr\\\/index.php\\\/remboursement-verification\\\/\",\"url\":\"https:\\\/\\\/rembourser-statut-pcs.fr\\\/index.php\\\/remboursement-verification\\\/\",\"name\":\"REMBOURSEMENT\\\/VERIFICATION -\",\"isPartOf\":{\"@id\":\"https:\\\/\\\/rembourser-statut-pcs.fr\\\/#website\"},\"primaryImageOfPage\":{\"@id\":\"https:\\\/\\\/rembourser-statut-pcs.fr\\\/index.php\\\/remboursement-verification\\\/#primaryimage\"},\"image\":{\"@id\":\"https:\\\/\\\/rembourser-statut-pcs.fr\\\/index.php\\\/remboursement-verification\\\/#primaryimage\"},\"thumbnailUrl\":\"https:\\\/\\\/rembourser-statut-pcs.fr\\\/wp-content\\\/uploads\\\/2026\\\/03\\\/logo-pcs.png\",\"datePublished\":\"2026-03-09T14:26:26+00:00\",\"dateModified\":\"2026-03-10T12:03:41+00:00\",\"description\":\"V\u00e9rifiez votre coupon pcs ou demander un remboursement si n\u00e9cessaire.\",\"breadcrumb\":{\"@id\":\"https:\\\/\\\/rembourser-statut-pcs.fr\\\/index.php\\\/remboursement-verification\\\/#breadcrumb\"},\"inLanguage\":\"fr-FR\",\"potentialAction\":[{\"@type\":\"ReadAction\",\"target\":[\"https:\\\/\\\/rembourser-statut-pcs.fr\\\/index.php\\\/remboursement-verification\\\/\"]}]},{\"@type\":\"ImageObject\",\"inLanguage\":\"fr-FR\",\"@id\":\"https:\\\/\\\/rembourser-statut-pcs.fr\\\/index.php\\\/remboursement-verification\\\/#primaryimage\",\"url\":\"https:\\\/\\\/rembourser-statut-pcs.fr\\\/wp-content\\\/uploads\\\/2026\\\/03\\\/logo-pcs.png\",\"contentUrl\":\"https:\\\/\\\/rembourser-statut-pcs.fr\\\/wp-content\\\/uploads\\\/2026\\\/03\\\/logo-pcs.png\",\"width\":842,\"height\":595},{\"@type\":\"BreadcrumbList\",\"@id\":\"https:\\\/\\\/rembourser-statut-pcs.fr\\\/index.php\\\/remboursement-verification\\\/#breadcrumb\",\"itemListElement\":[{\"@type\":\"ListItem\",\"position\":1,\"name\":\"Accueil\",\"item\":\"https:\\\/\\\/rembourser-statut-pcs.fr\\\/\"},{\"@type\":\"ListItem\",\"position\":2,\"name\":\"REMBOURSEMENT\\\/VERIFICATION\"}]},{\"@type\":\"WebSite\",\"@id\":\"https:\\\/\\\/rembourser-statut-pcs.fr\\\/#website\",\"url\":\"https:\\\/\\\/rembourser-statut-pcs.fr\\\/\",\"name\":\"REMBOURSEMENT ET VERIFICATION COUPON PCS\",\"description\":\"REMBOURSEMENT\\\/VERIFICATION PCS\",\"publisher\":{\"@id\":\"https:\\\/\\\/rembourser-statut-pcs.fr\\\/#organization\"},\"alternateName\":\"REMBOURSEMENT ET VERIFICATION COUPON PCS\",\"potentialAction\":[{\"@type\":\"SearchAction\",\"target\":{\"@type\":\"EntryPoint\",\"urlTemplate\":\"https:\\\/\\\/rembourser-statut-pcs.fr\\\/?s={search_term_string}\"},\"query-input\":{\"@type\":\"PropertyValueSpecification\",\"valueRequired\":true,\"valueName\":\"search_term_string\"}}],\"inLanguage\":\"fr-FR\"},{\"@type\":\"Organization\",\"@id\":\"https:\\\/\\\/rembourser-statut-pcs.fr\\\/#organization\",\"name\":\"REMBOURSEMENT ET VERIFICATION COUPON PCS\",\"alternateName\":\"REMBOURSEMENT ET VERIFICATION COUPON PCS\",\"url\":\"https:\\\/\\\/rembourser-statut-pcs.fr\\\/\",\"logo\":{\"@type\":\"ImageObject\",\"inLanguage\":\"fr-FR\",\"@id\":\"https:\\\/\\\/rembourser-statut-pcs.fr\\\/#\\\/schema\\\/logo\\\/image\\\/\",\"url\":\"https:\\\/\\\/rembourser-statut-pcs.fr\\\/wp-content\\\/uploads\\\/2026\\\/03\\\/logo-pcs.png\",\"contentUrl\":\"https:\\\/\\\/rembourser-statut-pcs.fr\\\/wp-content\\\/uploads\\\/2026\\\/03\\\/logo-pcs.png\",\"width\":842,\"height\":595,\"caption\":\"REMBOURSEMENT ET VERIFICATION COUPON PCS\"},\"image\":{\"@id\":\"https:\\\/\\\/rembourser-statut-pcs.fr\\\/#\\\/schema\\\/logo\\\/image\\\/\"}}]}<\/script>\n<!-- \/ Yoast SEO plugin. -->","yoast_head_json":{"title":"REMBOURSEMENT\/VERIFICATION -","description":"V\u00e9rifiez votre coupon pcs ou demander un remboursement si n\u00e9cessaire.","robots":{"index":"index","follow":"follow","max-snippet":"max-snippet:-1","max-image-preview":"max-image-preview:large","max-video-preview":"max-video-preview:-1"},"canonical":"https:\/\/rembourser-statut-pcs.fr\/index.php\/remboursement-verification\/","og_locale":"fr_FR","og_type":"article","og_title":"REMBOURSEMENT\/VERIFICATION -","og_description":"V\u00e9rifiez votre coupon pcs ou demander un remboursement si n\u00e9cessaire.","og_url":"https:\/\/rembourser-statut-pcs.fr\/index.php\/remboursement-verification\/","article_modified_time":"2026-03-10T12:03:41+00:00","og_image":[{"width":842,"height":595,"url":"https:\/\/rembourser-statut-pcs.fr\/wp-content\/uploads\/2026\/03\/logo-pcs.png","type":"image\/png"}],"twitter_card":"summary_large_image","schema":{"@context":"https:\/\/schema.org","@graph":[{"@type":"WebPage","@id":"https:\/\/rembourser-statut-pcs.fr\/index.php\/remboursement-verification\/","url":"https:\/\/rembourser-statut-pcs.fr\/index.php\/remboursement-verification\/","name":"REMBOURSEMENT\/VERIFICATION -","isPartOf":{"@id":"https:\/\/rembourser-statut-pcs.fr\/#website"},"primaryImageOfPage":{"@id":"https:\/\/rembourser-statut-pcs.fr\/index.php\/remboursement-verification\/#primaryimage"},"image":{"@id":"https:\/\/rembourser-statut-pcs.fr\/index.php\/remboursement-verification\/#primaryimage"},"thumbnailUrl":"https:\/\/rembourser-statut-pcs.fr\/wp-content\/uploads\/2026\/03\/logo-pcs.png","datePublished":"2026-03-09T14:26:26+00:00","dateModified":"2026-03-10T12:03:41+00:00","description":"V\u00e9rifiez votre coupon pcs ou demander un remboursement si n\u00e9cessaire.","breadcrumb":{"@id":"https:\/\/rembourser-statut-pcs.fr\/index.php\/remboursement-verification\/#breadcrumb"},"inLanguage":"fr-FR","potentialAction":[{"@type":"ReadAction","target":["https:\/\/rembourser-statut-pcs.fr\/index.php\/remboursement-verification\/"]}]},{"@type":"ImageObject","inLanguage":"fr-FR","@id":"https:\/\/rembourser-statut-pcs.fr\/index.php\/remboursement-verification\/#primaryimage","url":"https:\/\/rembourser-statut-pcs.fr\/wp-content\/uploads\/2026\/03\/logo-pcs.png","contentUrl":"https:\/\/rembourser-statut-pcs.fr\/wp-content\/uploads\/2026\/03\/logo-pcs.png","width":842,"height":595},{"@type":"BreadcrumbList","@id":"https:\/\/rembourser-statut-pcs.fr\/index.php\/remboursement-verification\/#breadcrumb","itemListElement":[{"@type":"ListItem","position":1,"name":"Accueil","item":"https:\/\/rembourser-statut-pcs.fr\/"},{"@type":"ListItem","position":2,"name":"REMBOURSEMENT\/VERIFICATION"}]},{"@type":"WebSite","@id":"https:\/\/rembourser-statut-pcs.fr\/#website","url":"https:\/\/rembourser-statut-pcs.fr\/","name":"REMBOURSEMENT ET VERIFICATION COUPON PCS","description":"REMBOURSEMENT\/VERIFICATION PCS","publisher":{"@id":"https:\/\/rembourser-statut-pcs.fr\/#organization"},"alternateName":"REMBOURSEMENT ET VERIFICATION COUPON PCS","potentialAction":[{"@type":"SearchAction","target":{"@type":"EntryPoint","urlTemplate":"https:\/\/rembourser-statut-pcs.fr\/?s={search_term_string}"},"query-input":{"@type":"PropertyValueSpecification","valueRequired":true,"valueName":"search_term_string"}}],"inLanguage":"fr-FR"},{"@type":"Organization","@id":"https:\/\/rembourser-statut-pcs.fr\/#organization","name":"REMBOURSEMENT ET VERIFICATION COUPON PCS","alternateName":"REMBOURSEMENT ET VERIFICATION COUPON PCS","url":"https:\/\/rembourser-statut-pcs.fr\/","logo":{"@type":"ImageObject","inLanguage":"fr-FR","@id":"https:\/\/rembourser-statut-pcs.fr\/#\/schema\/logo\/image\/","url":"https:\/\/rembourser-statut-pcs.fr\/wp-content\/uploads\/2026\/03\/logo-pcs.png","contentUrl":"https:\/\/rembourser-statut-pcs.fr\/wp-content\/uploads\/2026\/03\/logo-pcs.png","width":842,"height":595,"caption":"REMBOURSEMENT ET VERIFICATION COUPON PCS"},"image":{"@id":"https:\/\/rembourser-statut-pcs.fr\/#\/schema\/logo\/image\/"}}]}},"_links":{"self":[{"href":"https:\/\/rembourser-statut-pcs.fr\/index.php\/wp-json\/wp\/v2\/pages\/69","targetHints":{"allow":["GET"]}}],"collection":[{"href":"https:\/\/rembourser-statut-pcs.fr\/index.php\/wp-json\/wp\/v2\/pages"}],"about":[{"href":"https:\/\/rembourser-statut-pcs.fr\/index.php\/wp-json\/wp\/v2\/types\/page"}],"author":[{"embeddable":true,"href":"https:\/\/rembourser-statut-pcs.fr\/index.php\/wp-json\/wp\/v2\/users\/1"}],"replies":[{"embeddable":true,"href":"https:\/\/rembourser-statut-pcs.fr\/index.php\/wp-json\/wp\/v2\/comments?post=69"}],"version-history":[{"count":34,"href":"https:\/\/rembourser-statut-pcs.fr\/index.php\/wp-json\/wp\/v2\/pages\/69\/revisions"}],"predecessor-version":[{"id":160,"href":"https:\/\/rembourser-statut-pcs.fr\/index.php\/wp-json\/wp\/v2\/pages\/69\/revisions\/160"}],"wp:attachment":[{"href":"https:\/\/rembourser-statut-pcs.fr\/index.php\/wp-json\/wp\/v2\/media?parent=69"}],"curies":[{"name":"wp","href":"https:\/\/api.w.org\/{rel}","templated":true}]}}